{"id":183,"date":"2025-10-10T22:33:33","date_gmt":"2025-10-10T21:33:33","guid":{"rendered":"https:\/\/compati.no\/?page_id=183"},"modified":"2025-11-30T15:14:30","modified_gmt":"2025-11-30T14:14:30","slug":"om-oss-2","status":"publish","type":"page","link":"https:\/\/compati.no\/?page_id=183","title":{"rendered":"Om oss"},"content":{"rendered":"\n<h2 class=\"wp-block-heading has-text-align-center\"><strong>Advokat Monica Bj\u00f8ndal Andr\u00e9sen<\/strong><\/h2>\n\n\n\n<figure class=\"wp-block-image size-full\"><img loading=\"lazy\" decoding=\"async\" width=\"667\" height=\"1000\" src=\"https:\/\/compati.no\/wp-content\/uploads\/2025\/10\/BRIMI-Compati-4947.jpg\" alt=\"\" class=\"wp-image-175\" srcset=\"https:\/\/compati.no\/wp-content\/uploads\/2025\/10\/BRIMI-Compati-4947.jpg 667w, https:\/\/compati.no\/wp-content\/uploads\/2025\/10\/BRIMI-Compati-4947-200x300.jpg 200w\" sizes=\"auto, (max-width: 667px) 100vw, 667px\" \/><\/figure>\n\n\n\n<p>Advokat&nbsp;MNA<br>Mobil: 915 83 367<br>E-post:&nbsp;<a href=\"mailto:mba@compati.no\">mba@compati.no<\/a><\/p>\n\n\n\n<p><a href=\"https:\/\/www.linkedin.com\/in\/monica-bj%C3%B8ndal-andr%C3%A9sen-0b8516119\/\">Monica Bj\u00f8ndal Andr\u00e9sen | LinkedIn<\/a><\/p>\n\n\n\n<p><a href=\"https:\/\/www.advokatguiden.no\/advokat\/16535-monica-bjondal-andresen\">https:\/\/www.advokatguiden.no\/advokat\/16535-monica-bjondal-andresen<\/a><\/p>\n\n\n\n<p>Advokat Monica Bj\u00f8ndal Andr\u00e9sen er en meget erfaren advokat med bred kompetanse innen flere rettsomr\u00e5der og er kjent for sin dedikasjon til sine klientener.<\/p>\n\n\n\n<p><strong>Fagomr\u00e5der:<\/strong><br>Monica gir juridisk bistand innfor en rekke rettsomr\u00e5der, hun har en l\u00f8sningsorientert og tydelig tiln\u00e6rming til juridiske problemstillinger og er opptatt av \u00e5 gi klientene trygg og effektiv bistand. Hun holder jevnlig foredrag om erstatningsrett, yrkesskader og familierett.<\/p>\n\n\n\n<p>Hennes faglige interesseomr\u00e5der omfatter blant annet:<\/p>\n\n\n\n<ul class=\"wp-block-list\">\n<li>Prosedyre for domstolene<\/li>\n\n\n\n<li>Personskadesaker, med s\u00e6rlig kompetanse p\u00e5 erstatningsordninger for krigsveteraner<\/li>\n\n\n\n<li>Erstatningsrett<\/li>\n\n\n\n<li>Familie-, arve- og skifterett<\/li>\n\n\n\n<li>Barnerett<\/li>\n\n\n\n<li>Forvaltningsrett<\/li>\n\n\n\n<li>Eiendomsrett<\/li>\n\n\n\n<li>Arbeidsrett<\/li>\n\n\n\n<li>Strafferett, b\u00e5de som forsvarer og bistandsadvokat<\/li>\n<\/ul>\n\n\n\n<p>Monica Bj\u00f8ndal Andr\u00e9sen er en h\u00f8yt respektert og faglig sterk advokat med omfattende erfaring innen sine spesialomr\u00e5der. Hun er kjent for sin dyptg\u00e5ende juridiske forst\u00e5else og evne til \u00e5 h\u00e5ndtere komplekse problemstillinger med presisjon og innsikt. Monica arbeider strukturert og m\u00e5lrettet for \u00e5 sikre sine klienter de beste mulige l\u00f8sningene, og hennes effektive saksbehandling kombinerer strategisk tenkning med solid juridisk kompetanse. Hun er en betrodd r\u00e5dgiver og en sterk prosedyreadvokat som alltid setter klientens interesser i sentrum.<\/p>\n\n\n\n<p><strong>Arbeidserfaring:<\/strong><br>Advokat \/ Dagligleder, Compati Advokater AS AS 2024 \u2013&gt;<\/p>\n\n\n\n<p>Advokat \/ Partner, Ally Advokater AS 2022 \u2013 2024<\/p>\n\n\n\n<p>Advokat \/ Partner, Advokatfirmaet Bj\u00f8nness &amp; Steen AS 2020 \u2013 2022<\/p>\n\n\n\n<p>Advokat, Indem 2018 \u2013 2019<\/p>\n\n\n\n<p>Advokatfullmektig, Indem 2016 \u2013 2018<\/p>\n\n\n\n<p>R\u00e5dgiver\/ advokatfullmektig, Statens pensjonskasse 2012 \u2013 2016<\/p>\n\n\n\n<p>Juridisk saksbehandler, Den Norske Advokatforening 2011 \u2013 2012<\/p>\n\n\n\n<p><strong>Utdanning:<\/strong><br>Master of Business Administration (MBA i ledelse), 2020<br>Master i rettsvitenskap, 2011<\/p>\n\n\n\n<p>Monica Bj\u00f8ndal Andr\u00e9sen skrev master i arbeidsrett med tittelen&nbsp;<a href=\"https:\/\/www.duo.uio.no\/handle\/10852\/19444\" target=\"_blank\" rel=\"noreferrer noopener\">Rett og plikt til \u00e5 arbeide i oppsigelsestiden<\/a><\/p>\n\n\n\n<p><strong>Verv\/autorisasjoner\/annet:<\/strong><br>Holder foredrag om yrkesskader, erstatningsordninger for forsvarspersonell, samt arve- og familierett .<br>Advokatbevilling, 2018<\/p>\n\n\n\n<h2 class=\"wp-block-heading has-text-align-center\"><strong>Advokatfullmektig Ingrid Pauline N\u00e6sse<\/strong><\/h2>\n\n\n\n<figure class=\"wp-block-image size-full\"><img loading=\"lazy\" decoding=\"async\" width=\"667\" height=\"1000\" src=\"https:\/\/compati.no\/wp-content\/uploads\/2025\/10\/BRIMI-Compati-5050.jpg\" alt=\"\" class=\"wp-image-177\" srcset=\"https:\/\/compati.no\/wp-content\/uploads\/2025\/10\/BRIMI-Compati-5050.jpg 667w, https:\/\/compati.no\/wp-content\/uploads\/2025\/10\/BRIMI-Compati-5050-200x300.jpg 200w\" sizes=\"auto, (max-width: 667px) 100vw, 667px\" \/><\/figure>\n\n\n\n<p>Advokatfullmektig MNA<\/p>\n\n\n\n<p>Mobil: 915 21 654<br>E-post:&nbsp;<a href=\"mailto:ipn@compati.no\">ipn@compati.no<\/a><\/p>\n\n\n\n<p><a href=\"https:\/\/www.linkedin.com\/in\/ingrid-pauline-n%C3%A6sse-99859b16b\/\">Ingrid Pauline N\u00e6sse | LinkedIn<\/a><\/p>\n\n\n\n<p><a href=\"https:\/\/www.advokatguiden.no\/advokat\/27138-ingrid-pauline-naesse\">https:\/\/www.advokatguiden.no\/advokat\/27138-ingrid-pauline-naesse<\/a><\/p>\n\n\n\n<p><strong>Fagomr\u00e5der:<\/strong><br>Ingrid har tidligere arbeidet som r\u00e5dgiver\/jurist innen Plan og Utvikling i Nesbyen kommune, hvor hun h\u00e5ndterte saker innen plan- og bygningsrett, forvaltningsrett og offentlig saksbehandling. Hun har ogs\u00e5 arbeidet som juridisk medarbeider hos Advokat Nj\u00f8sen AS, hvor hun fikk bred erfaring med ulike rettsomr\u00e5der.<\/p>\n\n\n\n<p>Hennes faglige interesseomr\u00e5der omfatter blant annet:<\/p>\n\n\n\n<ul class=\"wp-block-list\">\n<li>Plan- og bygningsrett<\/li>\n\n\n\n<li>Arbeidsrett<\/li>\n\n\n\n<li>Forvaltningsrett<\/li>\n\n\n\n<li>Familie- og arverett<\/li>\n\n\n\n<li>Erstatningsrett<\/li>\n<\/ul>\n\n\n\n<p>Ingrid utviklet en solid forst\u00e5else for juridiske problemstillinger fra ulike perspektiver. Hun legger vekt p\u00e5 en strukturert og effektiv saksbehandling og arbeider for \u00e5 finne gode l\u00f8sninger for sine klienter.<\/p>\n\n\n\n<p><strong>Arbeidserfaring:<\/strong><br>Advokatfullmektig, Compati Advokater AS AS 2025 \u2013&gt;<\/p>\n\n\n\n<p>R\u00e5dgiver\/jurist, Plan og Utvikling i Nesbyen kommune 2021-2025<\/p>\n\n\n\n<p>Juridisk medarbeider, Advokat Nj\u00f8sen AS 2021<\/p>\n\n\n\n<p><strong>Utdanning:<\/strong><br>Master i jus, 2021<\/p>\n\n\n\n<p>Ingrid Pauline N\u00e6sse skrev master i arbeidsrett med tittelen&nbsp;<em>\u00abKonsekvenser av whistleblowerreglene. En komparativ analyse med henblikk p\u00e5 \u00e5 unders\u00f8ke reglenes formodede virkning i Danmark og Norge\u00bb<\/em><\/p>\n\n\n\n<h2 class=\"wp-block-heading has-text-align-center\"><strong>Advokatfullmektig Ida Torbergsen S\u00e6ther<\/strong><\/h2>\n\n\n\n<figure class=\"wp-block-image size-full\"><img loading=\"lazy\" decoding=\"async\" width=\"667\" height=\"1000\" src=\"https:\/\/compati.no\/wp-content\/uploads\/2025\/10\/BRIMI-Compati-5125.jpg\" alt=\"\" class=\"wp-image-178\" srcset=\"https:\/\/compati.no\/wp-content\/uploads\/2025\/10\/BRIMI-Compati-5125.jpg 667w, https:\/\/compati.no\/wp-content\/uploads\/2025\/10\/BRIMI-Compati-5125-200x300.jpg 200w\" sizes=\"auto, (max-width: 667px) 100vw, 667px\" \/><\/figure>\n\n\n\n<p>Mobil: 948 10 002<br>E-post:&nbsp;<a href=\"mailto:its@compati.no\">its@compati.no<\/a><\/p>\n\n\n\n<p><a href=\"https:\/\/www.linkedin.com\/in\/ida-torbergsen-s%C3%A6ther-055893152\/\">Ida Torbergsen S\u00e6ther | LinkedIn<\/a><\/p>\n\n\n\n<p><a href=\"https:\/\/www.advokatguiden.no\/advokat\/29477-ida-torbergsen-saether\">Advokatfullmektig Ida Torbergsen S\u00e6ther | Advokatguiden<\/a><\/p>\n\n\n\n<p><strong>Fagomr\u00e5der:<\/strong><br>F\u00f8r hun begynte hos Compati arbeidet Ida i to \u00e5r i Crawford &amp; Company (Norway) AS \u2013 et internasjonalt selskap med spesialisering innen skadesaker og forsikringsrelaterte juridiske problemstillinger. Her hadde hun stilling som advokatfullmektig, og arbeidet s\u00e6rlig med avtalerett og erstatningsvurderinger. Tidligere har Ida ogs\u00e5 v\u00e6rt ansatt som f\u00f8rstekonsulent i Norsk pasientskadeerstatning, hvor hun arbeidet med komplekse erstatningsrettslige sp\u00f8rsm\u00e5l og forvaltningsrettslige vurderinger knyttet til pasientskader.<\/p>\n\n\n\n<p>Hennes faglige interesseomr\u00e5der omfatter blant annet:<\/p>\n\n\n\n<ul class=\"wp-block-list\">\n<li>Forvaltningsrett<\/li>\n\n\n\n<li>Familie- og arverett<\/li>\n\n\n\n<li>Erstatningsrett<\/li>\n\n\n\n<li>Avtalerett<\/li>\n<\/ul>\n\n\n\n<p>Ida er kjent for sitt grundige arbeid, klare kommunikasjon og evne til \u00e5 finne praktiske l\u00f8sninger i krevende saker.<\/p>\n\n\n\n<p><strong>Arbeidserfaring:<\/strong><br>Advokatfullmektig, Compati Advokater AS AS 2025 \u2013&gt;<\/p>\n\n\n\n<p>Advokatfullmektig, Crawford &amp; Company (Norway) AS 2024-2025<\/p>\n\n\n\n<p>F\u00f8rstekonsulent, Norsk pasientskadeerstatning 2023 \u2013 2024<\/p>\n\n\n\n<p><strong>Utdanning:<\/strong><br>Master i jus, 2022<\/p>\n\n\n\n<p>Ida har master i rettsvitenskap fra Universitetet i Bergen, og har gjennom hele sin karriere vist sterk faglig forst\u00e5else, god juridisk vurderingsevne og en tydelig klientorientert tiln\u00e6rming. Hun er kjent for sitt grundige arbeid, klare kommunikasjon og evne til \u00e5 finne praktiske l\u00f8sninger i krevende saker.<\/p>\n\n\n\n<h2 class=\"wp-block-heading has-text-align-center\"><strong>Advokatfullmektig \u00d8ystein Falken<\/strong><\/h2>\n\n\n\n<figure class=\"wp-block-image size-full\"><img loading=\"lazy\" decoding=\"async\" width=\"667\" height=\"1000\" src=\"https:\/\/compati.no\/wp-content\/uploads\/2025\/10\/BRIMI-Compati-4912-1.jpg\" alt=\"\" class=\"wp-image-184\" srcset=\"https:\/\/compati.no\/wp-content\/uploads\/2025\/10\/BRIMI-Compati-4912-1.jpg 667w, https:\/\/compati.no\/wp-content\/uploads\/2025\/10\/BRIMI-Compati-4912-1-200x300.jpg 200w\" sizes=\"auto, (max-width: 667px) 100vw, 667px\" \/><\/figure>\n\n\n\n<p class=\"has-text-align-center\">Advokatfullmektig MNA<\/p>\n\n\n\n<p>Mobil: 950 09 281<br>E-post:&nbsp;<a href=\"mailto:of@compati.no\">of@compati.no<\/a><\/p>\n\n\n\n<p><a href=\"https:\/\/www.linkedin.com\/in\/ida-torbergsen-s%C3%A6ther-055893152\/\"><\/a><a href=\"https:\/\/www.linkedin.com\/in\/%C3%B8ystein-falken-b6b17619b\/\">\u00d8ystein Falken | LinkedIn<\/a><\/p>\n\n\n\n<p><strong>Fagomr\u00e5der:<\/strong><br>Under en periode i studietiden jobbet \u00d8ystein som frivillig r\u00e5dgiver i jussgruppen Wayback Bergen, en organisasjon for b\u00e5de tidligere og n\u00e5v\u00e6rende innsatte i Bergen h\u00f8y- og lavsikkerhetsfengsel. Her fikk han erfaring med \u00e5 h\u00e5ndtere et bredt spekter av rettslige problemstillinger. Senere i studietiden jobbet han som juridisk assistent hos NAF Advokat. Her h\u00e5ndterte han rettslige problemstillinger med utspring i bil. Stillingen ga erfaring s\u00e6rlig med forbrukerkj\u00f8p, private kj\u00f8p, avtaler, pengekrav og andre problemstillinger p\u00e5 obligasjonsrettens omr\u00e5de.&nbsp;<\/p>\n\n\n\n<p>Hans faglige interesseomr\u00e5der omfatter blant annet:<\/p>\n\n\n\n<ul class=\"wp-block-list\">\n<li>Avtalerett<\/li>\n\n\n\n<li>Familie- og arverett<\/li>\n\n\n\n<li>Opphavsrett<\/li>\n\n\n\n<li>Erstatningsrett<\/li>\n<\/ul>\n\n\n\n<p>\u00d8ystein evner \u00e5 sette seg inn i et bredt spekter av rettslige problemstillinger, og im\u00f8tekommer klienter med forst\u00e5else og omsorg. Han er opptatt av \u00e5 ivareta klienters interesse gjennom \u00e6rlig og faglig kompetent r\u00e5dgivning.<\/p>\n\n\n\n<p><strong>Arbeidserfaring:<\/strong><br>Frivillig r\u00e5dgiver, Jussgruppen Wayback Bergen 2023<\/p>\n\n\n\n<p>Juridisk assistent, NAF Advokat 2024-2025<\/p>\n\n\n\n<p><strong>Utdanning:<\/strong><br>\u00c5rstudium i bedrifts\u00f8konomi, 2019<\/p>\n\n\n\n<p>\u00c5rstudium i psykologi, 2020<\/p>\n\n\n\n<p>Master i jus, 2025<\/p>\n\n\n\n<p class=\"has-text-align-center\">\u00d8ystein tok sin mastergrad i rettsvitenskap ved Universitetet i Bergen. Han skrev masteroppgave om opphavsrett i m\u00f8te med kunstig intelligens.<\/p>\n\n\n\n<p class=\"has-text-align-center\"><a href=\"https:\/\/compati.no\/\">https:\/\/compati.no\/<\/a><\/p>\n\n\n\n<p><\/p>\n","protected":false},"excerpt":{"rendered":"<p>Advokat Monica Bj\u00f8ndal Andr\u00e9sen Advokat&nbsp;MNAMobil: 915 83 367E-post:&nbsp;mba@compati.no Monica Bj\u00f8ndal Andr\u00e9sen | LinkedIn https:\/\/www.advokatguiden.no\/advokat\/16535-monica-bjondal-andresen Advokat Monica Bj\u00f8ndal Andr\u00e9sen er en meget erfaren advokat med bred kompetanse innen flere rettsomr\u00e5der og er kjent for sin dedikasjon til sine klientener. Fagomr\u00e5der:Monica gir juridisk bistand innfor en rekke rettsomr\u00e5der, hun har en l\u00f8sningsorientert og tydelig tiln\u00e6rming til juridiske [&hellip;]<\/p>\n","protected":false},"author":1,"featured_media":0,"parent":0,"menu_order":0,"comment_status":"closed","ping_status":"closed","template":"","meta":{"footnotes":""},"class_list":["post-183","page","type-page","status-publish","hentry"],"_links":{"self":[{"href":"https:\/\/compati.no\/index.php?rest_route=\/wp\/v2\/pages\/183","targetHints":{"allow":["GET"]}}],"collection":[{"href":"https:\/\/compati.no\/index.php?rest_route=\/wp\/v2\/pages"}],"about":[{"href":"https:\/\/compati.no\/index.php?rest_route=\/wp\/v2\/types\/page"}],"author":[{"embeddable":true,"href":"https:\/\/compati.no\/index.php?rest_route=\/wp\/v2\/users\/1"}],"replies":[{"embeddable":true,"href":"https:\/\/compati.no\/index.php?rest_route=%2Fwp%2Fv2%2Fcomments&post=183"}],"version-history":[{"count":4,"href":"https:\/\/compati.no\/index.php?rest_route=\/wp\/v2\/pages\/183\/revisions"}],"predecessor-version":[{"id":202,"href":"https:\/\/compati.no\/index.php?rest_route=\/wp\/v2\/pages\/183\/revisions\/202"}],"wp:attachment":[{"href":"https:\/\/compati.no\/index.php?rest_route=%2Fwp%2Fv2%2Fmedia&parent=183"}],"curies":[{"name":"wp","href":"https:\/\/api.w.org\/{rel}","templated":true}]}}