{"id":189,"date":"2025-10-10T22:46:02","date_gmt":"2025-10-10T21:46:02","guid":{"rendered":"https:\/\/compati.no\/?page_id=189"},"modified":"2025-10-10T22:51:50","modified_gmt":"2025-10-10T21:51:50","slug":"kontakt-oss-2","status":"publish","type":"page","link":"https:\/\/compati.no\/?page_id=189","title":{"rendered":"Kontakt oss"},"content":{"rendered":"\n<figure class=\"wp-block-image size-full\"><img loading=\"lazy\" decoding=\"async\" width=\"823\" height=\"1000\" src=\"https:\/\/compati.no\/wp-content\/uploads\/2025\/10\/BRIMI-Compati-4019.jpg\" alt=\"\" class=\"wp-image-190\" srcset=\"https:\/\/compati.no\/wp-content\/uploads\/2025\/10\/BRIMI-Compati-4019.jpg 823w, https:\/\/compati.no\/wp-content\/uploads\/2025\/10\/BRIMI-Compati-4019-247x300.jpg 247w, https:\/\/compati.no\/wp-content\/uploads\/2025\/10\/BRIMI-Compati-4019-768x933.jpg 768w\" sizes=\"auto, (max-width: 823px) 100vw, 823px\" \/><\/figure>\n\n\n\n<h1 class=\"wp-block-heading\">Compati er tilgjengelig p\u00e5 mail eller telefon fra 09:00 -15:00 alle hverdager<\/h1>\n\n\n\n<p><br>Mobil: 915 83 367<br>E-post:&nbsp;<a href=\"mailto:post@compati.no\">post@compati.no<\/a><\/p>\n\n\n\n<p>\u00d8nsker du \u00e5 kontakte en av v\u00e5re medarbeidere finner du kontakt informasjon her:&nbsp;<a href=\"https:\/\/compati.no\/?page_id=66\">Om oss \u2013 Compati Advokater AS<\/a><\/p>\n","protected":false},"excerpt":{"rendered":"<p>Compati er tilgjengelig p\u00e5 mail eller telefon fra 09:00 -15:00 alle hverdager Mobil: 915 83 367E-post:&nbsp;post@compati.no \u00d8nsker du \u00e5 kontakte en av v\u00e5re medarbeidere finner du kontakt informasjon her:&nbsp;Om oss \u2013 Compati Advokater AS<\/p>\n","protected":false},"author":1,"featured_media":0,"parent":0,"menu_order":0,"comment_status":"closed","ping_status":"closed","template":"","meta":{"footnotes":""},"class_list":["post-189","page","type-page","status-publish","hentry"],"_links":{"self":[{"href":"https:\/\/compati.no\/index.php?rest_route=\/wp\/v2\/pages\/189","targetHints":{"allow":["GET"]}}],"collection":[{"href":"https:\/\/compati.no\/index.php?rest_route=\/wp\/v2\/pages"}],"about":[{"href":"https:\/\/compati.no\/index.php?rest_route=\/wp\/v2\/types\/page"}],"author":[{"embeddable":true,"href":"https:\/\/compati.no\/index.php?rest_route=\/wp\/v2\/users\/1"}],"replies":[{"embeddable":true,"href":"https:\/\/compati.no\/index.php?rest_route=%2Fwp%2Fv2%2Fcomments&post=189"}],"version-history":[{"count":3,"href":"https:\/\/compati.no\/index.php?rest_route=\/wp\/v2\/pages\/189\/revisions"}],"predecessor-version":[{"id":198,"href":"https:\/\/compati.no\/index.php?rest_route=\/wp\/v2\/pages\/189\/revisions\/198"}],"wp:attachment":[{"href":"https:\/\/compati.no\/index.php?rest_route=%2Fwp%2Fv2%2Fmedia&parent=189"}],"curies":[{"name":"wp","href":"https:\/\/api.w.org\/{rel}","templated":true}]}}