{"id":45,"date":"2024-04-06T14:07:52","date_gmt":"2024-04-06T13:07:52","guid":{"rendered":"https:\/\/compati.no\/?page_id=45"},"modified":"2025-08-11T10:25:09","modified_gmt":"2025-08-11T09:25:09","slug":"rettsomrader","status":"publish","type":"page","link":"https:\/\/compati.no\/?page_id=45","title":{"rendered":"Rettsomr\u00e5der og priser"},"content":{"rendered":"\n<div class=\"wp-block-group alignfull has-base-2-background-color has-background has-global-padding is-layout-constrained wp-container-core-group-is-layout-669513ed wp-block-group-is-layout-constrained\" style=\"margin-top:0;margin-bottom:0;padding-top:var(--wp--preset--spacing--50);padding-right:var(--wp--preset--spacing--50);padding-bottom:var(--wp--preset--spacing--50);padding-left:var(--wp--preset--spacing--50)\">\n<div class=\"wp-block-group is-vertical is-content-justification-center is-layout-flex wp-container-core-group-is-layout-52b864f0 wp-block-group-is-layout-flex\">\n<h2 class=\"wp-block-heading has-text-align-center is-style-default\">Aktuelle rettsomr\u00e5der<\/h2>\n\n\n\n<div style=\"height:0px\" aria-hidden=\"true\" class=\"wp-block-spacer wp-container-content-4f2ccadb\"><\/div>\n\n\n\n<p class=\"has-text-align-center\">Hvis du ikke finner ditt omr\u00e5de s\u00e5 ta kontakt v\u00e5re medarbeidere besitter en bred kompetanse av fagomr\u00e5der. <\/p>\n<\/div>\n\n\n\n<div style=\"margin-top:0;margin-bottom:0;height:var(--wp--preset--spacing--40)\" aria-hidden=\"true\" class=\"wp-block-spacer\"><\/div>\n\n\n\n<div class=\"wp-block-columns alignwide is-layout-flex wp-container-core-columns-is-layout-d0bbbce0 wp-block-columns-is-layout-flex\">\n<div class=\"wp-block-column is-layout-flow wp-container-core-column-is-layout-e3d1c41b wp-block-column-is-layout-flow\">\n<h3 class=\"wp-block-heading has-text-align-left is-style-default has-body-font-family has-medium-font-size\" style=\"font-style:normal;font-weight:600\">Familierett<\/h3>\n\n\n\n<p class=\"has-text-align-left\">Samlivsbrudd, barnefordeling, foreldretvist, ektepakter, samboeravtaler, fremtidsfullmakt, felleseie, vergem\u00e5l, st\u00f8tteordninger, skole, utdanning<\/p>\n<\/div>\n\n\n\n<div class=\"wp-block-column is-layout-flow wp-container-core-column-is-layout-e3d1c41b wp-block-column-is-layout-flow\">\n<h3 class=\"wp-block-heading has-text-align-left is-style-default has-body-font-family has-medium-font-size\" style=\"font-style:normal;font-weight:600\">Arverett<\/h3>\n\n\n\n<p class=\"has-text-align-left\">Arveoppgj\u00f8r, testament, bobehandling, skifterett<\/p>\n<\/div>\n\n\n\n<div class=\"wp-block-column is-layout-flow wp-container-core-column-is-layout-e3d1c41b wp-block-column-is-layout-flow\">\n<h3 class=\"wp-block-heading has-text-align-left is-style-default has-body-font-family has-medium-font-size\" style=\"font-style:normal;font-weight:600\">Barnevern<\/h3>\n\n\n\n<p class=\"has-text-align-left\">Akuttplassering, omsorgsovertakelser, samv\u00e6rsrett, barnemishandling, tvangsomplassering, barnevernssaker<\/p>\n<\/div>\n<\/div>\n\n\n\n<div style=\"height:var(--wp--preset--spacing--20)\" aria-hidden=\"true\" class=\"wp-block-spacer\"><\/div>\n\n\n\n<div class=\"wp-block-columns alignwide is-layout-flex wp-container-core-columns-is-layout-d0bbbce0 wp-block-columns-is-layout-flex\">\n<div class=\"wp-block-column is-layout-flow wp-container-core-column-is-layout-e3d1c41b wp-block-column-is-layout-flow\">\n<h3 class=\"wp-block-heading has-text-align-left is-style-default has-body-font-family has-medium-font-size\" style=\"font-style:normal;font-weight:600\">Erstatningsrett<\/h3>\n\n\n\n<p class=\"has-text-align-left\">Erstatningsoppgj\u00f8r, reklamasjon, erstatningskrav, s\u00f8ksm\u00e5l<\/p>\n<\/div>\n\n\n\n<div class=\"wp-block-column is-layout-flow wp-container-core-column-is-layout-e3d1c41b wp-block-column-is-layout-flow\">\n<h3 class=\"wp-block-heading has-text-align-left is-style-default has-body-font-family has-medium-font-size\" style=\"font-style:normal;font-weight:600\">Arbeidsrett<\/h3>\n\n\n\n<p class=\"has-text-align-left\">HR, HMS, arbeidstvister, oppsigelse, avskjed, nedbemanning, l\u00f8nnsforhandling, tariffoppgj\u00f8r, l\u00f8nnsoppgj\u00f8r, ledelse, suspensjon, dr\u00f8ftingsm\u00f8te, arbeidsmilj\u00f8loven, erstatning, oppreising, s\u00f8ksm\u00e5l<\/p>\n<\/div>\n\n\n\n<div class=\"wp-block-column is-layout-flow wp-container-core-column-is-layout-e3d1c41b wp-block-column-is-layout-flow\">\n<h3 class=\"wp-block-heading has-text-align-left is-style-default has-body-font-family has-medium-font-size\" style=\"font-style:normal;font-weight:600\">Personskade<\/h3>\n\n\n\n<p class=\"has-text-align-left\">Personskadeerstatning, yrkesskade, pasientskade, feilmedisinering<\/p>\n<\/div>\n<\/div>\n\n\n\n<div class=\"wp-block-group has-global-padding is-layout-constrained wp-block-group-is-layout-constrained\">\n<h2 class=\"wp-block-heading has-text-align-center\">Priser<\/h2>\n\n\n\n<p>Ofte kan man ha krav p\u00e5 \u00e5 f\u00e5 dekke kostnader til rettshjelp via forsikring eller det offentlige, vi er selvsagt behjelpelig med \u00e5 unders\u00f8ke om ditt behov er dekket. <\/p>\n\n\n\n<p>I straffesaker dekkes som hovedregel kostnadene av det offentlige. Vi ser allikevel ofte at mange klienter har behov for bistand ogs\u00e5 f\u00f8r det offentlige dekker kostnadene. Dette avtales p\u00e5 forh\u00e5nd.<\/p>\n\n\n\n<p>I saker som ikke dekkes av det offentlige m\u00e5 klienten betale kostnadene ved saken. <\/p>\n\n\n\n<p>Vanlig timepris er fra:<\/p>\n\n\n\n<ul class=\"wp-block-list\">\n<li>Partner kr 2800,-<strong> <\/strong>pluss mva. <\/li>\n<\/ul>\n\n\n\n<ul class=\"wp-block-list\">\n<li>Advokat kr 2400,- pluss mva.<\/li>\n<\/ul>\n\n\n\n<ul class=\"wp-block-list\">\n<li>Advokatfullmektig kr 1550,- pluss mva.<\/li>\n<\/ul>\n\n\n\n<p>Prisene avhenge av rettsomr\u00e5de, vi tilbyr ogs\u00e5 fastpriser og rabatter via v\u00e5re sammarbeidspartnere.<\/p>\n\n\n\n<p>I noen saker krever vi innbetaling av forskudd f\u00f8r vi starter arbeidet med saken. Forskuddet vil st\u00e5 p\u00e5 klientkonto til saken er avsluttet om ikke annet er avtalt. Forutsatt at l\u00f8pende fakturaer i saken er betalt vil dette returneres klienten ved sakens avslutning, eventuelt motregnes i utest\u00e5ende fakturaer i henhold til oppdragsbekreftelsen.<\/p>\n\n\n\n<p>Noen saker&nbsp;medf\u00f8rer andre kostnader eller utlegg som ofte vil bli belastet klienten direkte. Vi orienterer alltid om dette i forkant.<\/p>\n\n\n\n<p>Merk at selv om vi krever saksomkostninger i saker vil&nbsp;klienten fortsatt v\u00e6re ansvarlig for hele v\u00e5rt sal\u00e6r. Dersom saksomkostninger bare delvis dekkes vil klienten m\u00e5tte dekke det resterende.<\/p>\n\n\n\n<p>I noen saker som ellers kan dekkes av fri rettshjelp kan vi avtale \u00e5 kreve sal\u00e6r direkte fra deg. Dette m\u00e5 avtales p\u00e5 forh\u00e5nd.<\/p>\n<\/div>\n<\/div>\n","protected":false},"excerpt":{"rendered":"<p>Aktuelle rettsomr\u00e5der Hvis du ikke finner ditt omr\u00e5de s\u00e5 ta kontakt v\u00e5re medarbeidere besitter en bred kompetanse av fagomr\u00e5der. Familierett Samlivsbrudd, barnefordeling, foreldretvist, ektepakter, samboeravtaler, fremtidsfullmakt, felleseie, vergem\u00e5l, st\u00f8tteordninger, skole, utdanning Arverett Arveoppgj\u00f8r, testament, bobehandling, skifterett Barnevern Akuttplassering, omsorgsovertakelser, samv\u00e6rsrett, barnemishandling, tvangsomplassering, barnevernssaker Erstatningsrett Erstatningsoppgj\u00f8r, reklamasjon, erstatningskrav, s\u00f8ksm\u00e5l Arbeidsrett HR, HMS, arbeidstvister, oppsigelse, avskjed, nedbemanning, [&hellip;]<\/p>\n","protected":false},"author":1,"featured_media":52,"parent":0,"menu_order":0,"comment_status":"closed","ping_status":"closed","template":"","meta":{"footnotes":""},"class_list":["post-45","page","type-page","status-publish","has-post-thumbnail","hentry"],"_links":{"self":[{"href":"https:\/\/compati.no\/index.php?rest_route=\/wp\/v2\/pages\/45","targetHints":{"allow":["GET"]}}],"collection":[{"href":"https:\/\/compati.no\/index.php?rest_route=\/wp\/v2\/pages"}],"about":[{"href":"https:\/\/compati.no\/index.php?rest_route=\/wp\/v2\/types\/page"}],"author":[{"embeddable":true,"href":"https:\/\/compati.no\/index.php?rest_route=\/wp\/v2\/users\/1"}],"replies":[{"embeddable":true,"href":"https:\/\/compati.no\/index.php?rest_route=%2Fwp%2Fv2%2Fcomments&post=45"}],"version-history":[{"count":5,"href":"https:\/\/compati.no\/index.php?rest_route=\/wp\/v2\/pages\/45\/revisions"}],"predecessor-version":[{"id":159,"href":"https:\/\/compati.no\/index.php?rest_route=\/wp\/v2\/pages\/45\/revisions\/159"}],"wp:featuredmedia":[{"embeddable":true,"href":"https:\/\/compati.no\/index.php?rest_route=\/wp\/v2\/media\/52"}],"wp:attachment":[{"href":"https:\/\/compati.no\/index.php?rest_route=%2Fwp%2Fv2%2Fmedia&parent=45"}],"curies":[{"name":"wp","href":"https:\/\/api.w.org\/{rel}","templated":true}]}}